{"id":7853,"date":"2025-05-15T23:01:46","date_gmt":"2025-05-15T23:01:46","guid":{"rendered":"https:\/\/moroccofamilytours.com\/morocco-sahara-tours\/"},"modified":"2026-04-05T06:05:19","modified_gmt":"2026-04-05T06:05:19","slug":"morocco-sahara-tours","status":"publish","type":"page","link":"https:\/\/moroccofamilytours.com\/es\/morocco-family-tours-guide\/morocco-sahara-tours\/","title":{"rendered":"Recorridos por el S\u00e1hara marroqu\u00ed"},"content":{"rendered":"<h3 class=\"\" data-start=\"397\" data-end=\"446\">Vive la magia de un viaje por el S\u00e1hara marroqu\u00ed<\/h3>\n<p class=\"\" data-start=\"448\" data-end=\"759\">Si buscas una aventura que combine belleza natural, riqueza cultural y experiencias \u00fanicas en la vida, un <a href=\"https:\/\/moroccofamilytours.com\/\"><strong data-start=\"568\" data-end=\"591\">viajes al S\u00e1hara marroqu\u00ed<\/strong><\/a> es exactamente lo que necesitas. El desierto del Sahara en Marruecos no es s\u00f3lo un destino, es un viaje a uno de los paisajes m\u00e1s fascinantes y sobrecogedores de la Tierra. <\/p>\n<h3 class=\"\" data-start=\"761\" data-end=\"808\">\u00bfPor qu\u00e9 elegir una Excursi\u00f3n al Desierto del S\u00e1hara en Marruecos?<\/h3>\n<p class=\"\" data-start=\"810\" data-end=\"1018\">Desde el momento en que abandones los bulliciosos zocos de Marrakech o Fez, sentir\u00e1s que el paisaje cambia radicalmente. Las monta\u00f1as se convierten en valles y, antes de que te des cuenta, estar\u00e1s rodeado de interminables dunas doradas. <\/p>\n<p class=\"\" data-start=\"1020\" data-end=\"1066\">He aqu\u00ed por qu\u00e9 una excursi\u00f3n por el S\u00e1hara marroqu\u00ed es imprescindible:<\/p>\n<h4 class=\"\" data-start=\"1068\" data-end=\"1112\">1. <strong data-start=\"1076\" data-end=\"1112\">Excursi\u00f3n en camello por las dunas<\/strong><\/h4>\n<p class=\"\" data-start=\"1113\" data-end=\"1330\">Ning\u00fan viaje al desierto de Marruecos est\u00e1 completo sin un <strong data-start=\"1158\" data-end=\"1215\">paseo en camello por las dunas de Erg Chebbi o Erg Chigaga<\/strong>. Cuando el sol se pone, las arenas brillan en tonos anaranjados y dorados, un sue\u00f1o para los fot\u00f3grafos y una experiencia reconfortante. <\/p>\n<h4 class=\"\" data-start=\"1332\" data-end=\"1382\">2. <strong data-start=\"1340\" data-end=\"1382\">Duerme bajo las estrellas en un campamento en el desierto<\/strong><\/h4>\n<p class=\"\" data-start=\"1383\" data-end=\"1610\">Pasa la noche en un <strong data-start=\"1404\" data-end=\"1441\">campamento bereber de lujo o tradicional<\/strong>, con m\u00fasica local, deliciosos tagines y una c\u00e1lida hospitalidad. El silencio del Sahara por la noche, bajo un manto de estrellas, no se parece a nada en el mundo. <\/p>\n<h4 class=\"\" data-start=\"1612\" data-end=\"1667\">3. <strong data-start=\"1620\" data-end=\"1667\">Explora los pueblos bereberes y las antiguas Kasbahs<\/strong><\/h4>\n<p class=\"\" data-start=\"1668\" data-end=\"1875\">Tu recorrido por el S\u00e1hara puede incluir visitas a <strong data-start=\"1707\" data-end=\"1745\">lugares hist\u00f3ricos como Ait Ben Haddou<\/strong>, declarado Patrimonio de la Humanidad por la UNESCO, y paradas en <strong data-start=\"1790\" data-end=\"1819\">aut\u00e9nticos pueblos bereberes<\/strong> donde podr\u00e1s conocer las tradiciones y la cultura locales.<\/p>\n<h4 class=\"\" data-start=\"1877\" data-end=\"1920\">4. <strong data-start=\"1885\" data-end=\"1920\">Aventuras en 4&#215;4 y Sandboard<\/strong><\/h4>\n<p class=\"\" data-start=\"1921\" data-end=\"2100\">Para los que buscan emociones fuertes, disfruta de una excursi\u00f3n en 4&#215;4 por el desierto o <strong data-start=\"1977\" data-end=\"2008\">haz sandboarding por las dunas<\/strong>. Muchas excursiones por el desierto de Marruecos incluyen actividades llenas de adrenalina para los que ans\u00edan la acci\u00f3n. <\/p>\n<hr class=\"\" data-start=\"2102\" data-end=\"2105\">\n<h3 class=\"\" data-start=\"2107\" data-end=\"2148\">Mejor \u00e9poca para visitar el S\u00e1hara marroqu\u00ed<\/h3>\n<p class=\"\" data-start=\"2150\" data-end=\"2358\">La \u00e9poca ideal para hacer una excursi\u00f3n por el S\u00e1hara en Marruecos es entre <strong data-start=\"2205\" data-end=\"2226\">octubre y abril<\/strong>, cuando las temperaturas diurnas son agradables y las noches frescas. Los meses de verano pueden ser extremadamente calurosos, sobre todo en julio y agosto. <\/p>\n<hr class=\"\" data-start=\"2360\" data-end=\"2363\">\n<h3 class=\"\" data-start=\"2365\" data-end=\"2406\"><a href=\"https:\/\/moroccofamilytours.com\/es\/tour-category\/excursiones-desde-marrakech\/\" target=\"_blank\" rel=\"noopener\">Recorridos recomendados por el S\u00e1hara marroqu\u00ed<\/a><\/h3>\n<ul data-start=\"2408\" data-end=\"2686\">\n<li class=\"\" data-start=\"2408\" data-end=\"2516\">\n<p class=\"\" data-start=\"2410\" data-end=\"2516\"><strong data-start=\"2410\" data-end=\"2451\">Excursi\u00f3n de Marrakech a Merzouga (3-4 d\u00edas)<\/strong> - Popular y panor\u00e1mica, incluye las monta\u00f1as del Atlas y las gargantas del Todra.<\/p>\n<\/li>\n<li class=\"\" data-start=\"2517\" data-end=\"2606\">\n<p class=\"\" data-start=\"2519\" data-end=\"2606\"><strong data-start=\"2519\" data-end=\"2561\">De Fez a Marrakech por el Desierto (3-5 d\u00edas)<\/strong> - Ideal para viajeros que exploran ambas ciudades.<\/p>\n<\/li>\n<li class=\"\" data-start=\"2607\" data-end=\"2686\">\n<p class=\"\" data-start=\"2609\" data-end=\"2686\"><strong data-start=\"2609\" data-end=\"2640\">Excursi\u00f3n al Desierto de Zagora (2 d\u00edas)<\/strong> - M\u00e1s corta, ideal para quienes disponen de poco tiempo.<\/p>\n<\/li>\n<\/ul>\n<hr class=\"\" data-start=\"2688\" data-end=\"2691\">\n<h3 class=\"\" data-start=\"2693\" data-end=\"2730\">Qu\u00e9 meter en la maleta para tu viaje al desierto<\/h3>\n<ul data-start=\"2732\" data-end=\"2940\">\n<li class=\"\" data-start=\"2732\" data-end=\"2772\">\n<p class=\"\" data-start=\"2734\" data-end=\"2772\">Ropa ligera y transpirable para el d\u00eda<\/p>\n<\/li>\n<li class=\"\" data-start=\"2773\" data-end=\"2815\">\n<p class=\"\" data-start=\"2775\" data-end=\"2815\">Capas c\u00e1lidas para las fr\u00edas noches del desierto<\/p>\n<\/li>\n<li class=\"\" data-start=\"2816\" data-end=\"2862\">\n<p class=\"\" data-start=\"2818\" data-end=\"2862\">Gafas de sol, crema solar y pa\u00f1uelo o turbante<\/p>\n<\/li>\n<li class=\"\" data-start=\"2863\" data-end=\"2902\">\n<p class=\"\" data-start=\"2865\" data-end=\"2902\">Calzado c\u00f3modo para caminar por la arena<\/p>\n<\/li>\n<li class=\"\" data-start=\"2903\" data-end=\"2940\">\n<p class=\"\" data-start=\"2905\" data-end=\"2940\">C\u00e1mara para hacer impresionantes fotos de paisajes<\/p>\n<\/li>\n<\/ul>\n<hr class=\"\" data-start=\"2942\" data-end=\"2945\">\n<h3 class=\"\" data-start=\"2947\" data-end=\"2965\">Reflexiones finales<\/h3>\n<p class=\"\" data-start=\"2967\" data-end=\"3238\">Una <strong data-start=\"2969\" data-end=\"2999\">excursi\u00f3n por el desierto del Sahara marroqu\u00ed<\/strong> ofrece algo verdaderamente m\u00e1gico, ya sea montar en camello al atardecer, conectar con culturas ancestrales o simplemente experimentar la cruda belleza del desierto. Con la compa\u00f1\u00eda adecuada, tu viaje ser\u00e1 seguro, c\u00f3modo e inolvidable. <\/p>\n<p class=\"\" data-start=\"3240\" data-end=\"3341\"><strong data-start=\"3240\" data-end=\"3279\">Reserva hoy mismo tu viaje por el S\u00e1hara marroqu\u00ed<\/strong> y prep\u00e1rate para una aventura que te acompa\u00f1ar\u00e1 siempre.<\/p>\n","protected":false},"excerpt":{"rendered":"<p>Vive la magia de un viaje por el S\u00e1hara marroqu\u00ed Si buscas una aventura que combine belleza natural, riqueza cultural y experiencias \u00fanicas en la vida, un viajes al S\u00e1hara marroqu\u00ed es exactamente lo que necesitas. El desierto del Sahara en Marruecos no es s\u00f3lo un destino, es un viaje a uno de los paisajes [&hellip;]<\/p>\n","protected":false},"author":1,"featured_media":7854,"parent":7856,"menu_order":0,"comment_status":"closed","ping_status":"closed","template":"","meta":{"footnotes":""},"class_list":["post-7853","page","type-page","status-publish","has-post-thumbnail","hentry"],"yoast_head":"<!-- This site is optimized with the Yoast SEO plugin v27.4 - https:\/\/yoast.com\/product\/yoast-seo-wordpress\/ -->\n<title>Recorridos por el S\u00e1hara marroqu\u00ed - Morocco Family Tours<\/title>\n<meta name=\"robots\" content=\"index, follow, max-snippet:-1, max-image-preview:large, max-video-preview:-1\" \/>\n<link rel=\"canonical\" href=\"https:\/\/moroccofamilytours.com\/es\/morocco-family-tours-guide\/morocco-sahara-tours\/\" \/>\n<meta property=\"og:locale\" content=\"es_ES\" \/>\n<meta property=\"og:type\" content=\"article\" \/>\n<meta property=\"og:title\" content=\"Recorridos por el S\u00e1hara marroqu\u00ed - Morocco Family Tours\" \/>\n<meta property=\"og:description\" content=\"Vive la magia de un viaje por el S\u00e1hara marroqu\u00ed Si buscas una aventura que combine belleza natural, riqueza cultural y experiencias \u00fanicas en la vida, un viajes al S\u00e1hara marroqu\u00ed es exactamente lo que necesitas. El desierto del Sahara en Marruecos no es s\u00f3lo un destino, es un viaje a uno de los paisajes [&hellip;]\" \/>\n<meta property=\"og:url\" content=\"https:\/\/moroccofamilytours.com\/es\/morocco-family-tours-guide\/morocco-sahara-tours\/\" \/>\n<meta property=\"og:site_name\" content=\"Morocco Family Tours\" \/>\n<meta property=\"article:modified_time\" content=\"2026-04-05T06:05:19+00:00\" \/>\n<meta property=\"og:image\" content=\"https:\/\/moroccofamilytours.com\/wp-content\/uploads\/2025\/03\/fes-3-scaled.jpg\" \/>\n\t<meta property=\"og:image:width\" content=\"2560\" \/>\n\t<meta property=\"og:image:height\" content=\"1707\" \/>\n\t<meta property=\"og:image:type\" content=\"image\/jpeg\" \/>\n<meta name=\"twitter:card\" content=\"summary_large_image\" \/>\n<meta name=\"twitter:label1\" content=\"Tiempo de lectura\" \/>\n\t<meta name=\"twitter:data1\" content=\"3 minutos\" \/>\n<script type=\"application\/ld+json\" class=\"yoast-schema-graph\">{\"@context\":\"https:\\\/\\\/schema.org\",\"@graph\":[{\"@type\":\"WebPage\",\"@id\":\"https:\\\/\\\/moroccofamilytours.com\\\/es\\\/morocco-family-tours-guide\\\/morocco-sahara-tours\\\/\",\"url\":\"https:\\\/\\\/moroccofamilytours.com\\\/es\\\/morocco-family-tours-guide\\\/morocco-sahara-tours\\\/\",\"name\":\"Recorridos por el S\u00e1hara marroqu\u00ed - Morocco Family Tours\",\"isPartOf\":{\"@id\":\"https:\\\/\\\/moroccofamilytours.com\\\/es\\\/#website\"},\"primaryImageOfPage\":{\"@id\":\"https:\\\/\\\/moroccofamilytours.com\\\/es\\\/morocco-family-tours-guide\\\/morocco-sahara-tours\\\/#primaryimage\"},\"image\":{\"@id\":\"https:\\\/\\\/moroccofamilytours.com\\\/es\\\/morocco-family-tours-guide\\\/morocco-sahara-tours\\\/#primaryimage\"},\"thumbnailUrl\":\"https:\\\/\\\/moroccofamilytours.com\\\/wp-content\\\/uploads\\\/2025\\\/03\\\/fes-3-scaled.jpg\",\"datePublished\":\"2025-05-15T23:01:46+00:00\",\"dateModified\":\"2026-04-05T06:05:19+00:00\",\"breadcrumb\":{\"@id\":\"https:\\\/\\\/moroccofamilytours.com\\\/es\\\/morocco-family-tours-guide\\\/morocco-sahara-tours\\\/#breadcrumb\"},\"inLanguage\":\"es\",\"potentialAction\":[{\"@type\":\"ReadAction\",\"target\":[\"https:\\\/\\\/moroccofamilytours.com\\\/es\\\/morocco-family-tours-guide\\\/morocco-sahara-tours\\\/\"]}]},{\"@type\":\"ImageObject\",\"inLanguage\":\"es\",\"@id\":\"https:\\\/\\\/moroccofamilytours.com\\\/es\\\/morocco-family-tours-guide\\\/morocco-sahara-tours\\\/#primaryimage\",\"url\":\"https:\\\/\\\/moroccofamilytours.com\\\/wp-content\\\/uploads\\\/2025\\\/03\\\/fes-3-scaled.jpg\",\"contentUrl\":\"https:\\\/\\\/moroccofamilytours.com\\\/wp-content\\\/uploads\\\/2025\\\/03\\\/fes-3-scaled.jpg\",\"width\":2560,\"height\":1707,\"caption\":\"Mujer con asombroso vestido de novia de seda con fant\u00e1stica vista de las dunas de arena del desierto del Sahara a la luz del atardecer. Paisaje de Marruecos, \u00c1frica.\"},{\"@type\":\"BreadcrumbList\",\"@id\":\"https:\\\/\\\/moroccofamilytours.com\\\/es\\\/morocco-family-tours-guide\\\/morocco-sahara-tours\\\/#breadcrumb\",\"itemListElement\":[{\"@type\":\"ListItem\",\"position\":1,\"name\":\"Home\",\"item\":\"https:\\\/\\\/moroccofamilytours.com\\\/es\\\/morocco-family-tours\\\/\"},{\"@type\":\"ListItem\",\"position\":2,\"name\":\"Blog\",\"item\":\"https:\\\/\\\/moroccofamilytours.com\\\/es\\\/morocco-family-tours-guide\\\/\"},{\"@type\":\"ListItem\",\"position\":3,\"name\":\"Recorridos por el S\u00e1hara marroqu\u00ed\"}]},{\"@type\":\"WebSite\",\"@id\":\"https:\\\/\\\/moroccofamilytours.com\\\/es\\\/#website\",\"url\":\"https:\\\/\\\/moroccofamilytours.com\\\/es\\\/\",\"name\":\"Morocco Family Tours\",\"description\":\"Morocco Family Adventure Holidays\",\"publisher\":{\"@id\":\"https:\\\/\\\/moroccofamilytours.com\\\/es\\\/#organization\"},\"potentialAction\":[{\"@type\":\"SearchAction\",\"target\":{\"@type\":\"EntryPoint\",\"urlTemplate\":\"https:\\\/\\\/moroccofamilytours.com\\\/es\\\/?s={search_term_string}\"},\"query-input\":{\"@type\":\"PropertyValueSpecification\",\"valueRequired\":true,\"valueName\":\"search_term_string\"}}],\"inLanguage\":\"es\"},{\"@type\":\"Organization\",\"@id\":\"https:\\\/\\\/moroccofamilytours.com\\\/es\\\/#organization\",\"name\":\"Marruecos en Familia\",\"url\":\"https:\\\/\\\/moroccofamilytours.com\\\/es\\\/\",\"logo\":{\"@type\":\"ImageObject\",\"inLanguage\":\"es\",\"@id\":\"https:\\\/\\\/moroccofamilytours.com\\\/es\\\/#\\\/schema\\\/logo\\\/image\\\/\",\"url\":\"https:\\\/\\\/moroccofamilytours.com\\\/wp-content\\\/uploads\\\/2025\\\/11\\\/morocco-family-tours-travel-agency-logo.png\",\"contentUrl\":\"https:\\\/\\\/moroccofamilytours.com\\\/wp-content\\\/uploads\\\/2025\\\/11\\\/morocco-family-tours-travel-agency-logo.png\",\"width\":545,\"height\":522,\"caption\":\"Marruecos en Familia\"},\"image\":{\"@id\":\"https:\\\/\\\/moroccofamilytours.com\\\/es\\\/#\\\/schema\\\/logo\\\/image\\\/\"}}]}<\/script>\n<!-- \/ Yoast SEO plugin. -->","yoast_head_json":{"title":"Recorridos por el S\u00e1hara marroqu\u00ed - Morocco Family Tours","robots":{"index":"index","follow":"follow","max-snippet":"max-snippet:-1","max-image-preview":"max-image-preview:large","max-video-preview":"max-video-preview:-1"},"canonical":"https:\/\/moroccofamilytours.com\/es\/morocco-family-tours-guide\/morocco-sahara-tours\/","og_locale":"es_ES","og_type":"article","og_title":"Recorridos por el S\u00e1hara marroqu\u00ed - Morocco Family Tours","og_description":"Vive la magia de un viaje por el S\u00e1hara marroqu\u00ed Si buscas una aventura que combine belleza natural, riqueza cultural y experiencias \u00fanicas en la vida, un viajes al S\u00e1hara marroqu\u00ed es exactamente lo que necesitas. El desierto del Sahara en Marruecos no es s\u00f3lo un destino, es un viaje a uno de los paisajes [&hellip;]","og_url":"https:\/\/moroccofamilytours.com\/es\/morocco-family-tours-guide\/morocco-sahara-tours\/","og_site_name":"Morocco Family Tours","article_modified_time":"2026-04-05T06:05:19+00:00","og_image":[{"width":2560,"height":1707,"url":"https:\/\/moroccofamilytours.com\/wp-content\/uploads\/2025\/03\/fes-3-scaled.jpg","type":"image\/jpeg"}],"twitter_card":"summary_large_image","twitter_misc":{"Tiempo de lectura":"3 minutos"},"schema":{"@context":"https:\/\/schema.org","@graph":[{"@type":"WebPage","@id":"https:\/\/moroccofamilytours.com\/es\/morocco-family-tours-guide\/morocco-sahara-tours\/","url":"https:\/\/moroccofamilytours.com\/es\/morocco-family-tours-guide\/morocco-sahara-tours\/","name":"Recorridos por el S\u00e1hara marroqu\u00ed - Morocco Family Tours","isPartOf":{"@id":"https:\/\/moroccofamilytours.com\/es\/#website"},"primaryImageOfPage":{"@id":"https:\/\/moroccofamilytours.com\/es\/morocco-family-tours-guide\/morocco-sahara-tours\/#primaryimage"},"image":{"@id":"https:\/\/moroccofamilytours.com\/es\/morocco-family-tours-guide\/morocco-sahara-tours\/#primaryimage"},"thumbnailUrl":"https:\/\/moroccofamilytours.com\/wp-content\/uploads\/2025\/03\/fes-3-scaled.jpg","datePublished":"2025-05-15T23:01:46+00:00","dateModified":"2026-04-05T06:05:19+00:00","breadcrumb":{"@id":"https:\/\/moroccofamilytours.com\/es\/morocco-family-tours-guide\/morocco-sahara-tours\/#breadcrumb"},"inLanguage":"es","potentialAction":[{"@type":"ReadAction","target":["https:\/\/moroccofamilytours.com\/es\/morocco-family-tours-guide\/morocco-sahara-tours\/"]}]},{"@type":"ImageObject","inLanguage":"es","@id":"https:\/\/moroccofamilytours.com\/es\/morocco-family-tours-guide\/morocco-sahara-tours\/#primaryimage","url":"https:\/\/moroccofamilytours.com\/wp-content\/uploads\/2025\/03\/fes-3-scaled.jpg","contentUrl":"https:\/\/moroccofamilytours.com\/wp-content\/uploads\/2025\/03\/fes-3-scaled.jpg","width":2560,"height":1707,"caption":"Mujer con asombroso vestido de novia de seda con fant\u00e1stica vista de las dunas de arena del desierto del Sahara a la luz del atardecer. Paisaje de Marruecos, \u00c1frica."},{"@type":"BreadcrumbList","@id":"https:\/\/moroccofamilytours.com\/es\/morocco-family-tours-guide\/morocco-sahara-tours\/#breadcrumb","itemListElement":[{"@type":"ListItem","position":1,"name":"Home","item":"https:\/\/moroccofamilytours.com\/es\/morocco-family-tours\/"},{"@type":"ListItem","position":2,"name":"Blog","item":"https:\/\/moroccofamilytours.com\/es\/morocco-family-tours-guide\/"},{"@type":"ListItem","position":3,"name":"Recorridos por el S\u00e1hara marroqu\u00ed"}]},{"@type":"WebSite","@id":"https:\/\/moroccofamilytours.com\/es\/#website","url":"https:\/\/moroccofamilytours.com\/es\/","name":"Morocco Family Tours","description":"Morocco Family Adventure Holidays","publisher":{"@id":"https:\/\/moroccofamilytours.com\/es\/#organization"},"potentialAction":[{"@type":"SearchAction","target":{"@type":"EntryPoint","urlTemplate":"https:\/\/moroccofamilytours.com\/es\/?s={search_term_string}"},"query-input":{"@type":"PropertyValueSpecification","valueRequired":true,"valueName":"search_term_string"}}],"inLanguage":"es"},{"@type":"Organization","@id":"https:\/\/moroccofamilytours.com\/es\/#organization","name":"Marruecos en Familia","url":"https:\/\/moroccofamilytours.com\/es\/","logo":{"@type":"ImageObject","inLanguage":"es","@id":"https:\/\/moroccofamilytours.com\/es\/#\/schema\/logo\/image\/","url":"https:\/\/moroccofamilytours.com\/wp-content\/uploads\/2025\/11\/morocco-family-tours-travel-agency-logo.png","contentUrl":"https:\/\/moroccofamilytours.com\/wp-content\/uploads\/2025\/11\/morocco-family-tours-travel-agency-logo.png","width":545,"height":522,"caption":"Marruecos en Familia"},"image":{"@id":"https:\/\/moroccofamilytours.com\/es\/#\/schema\/logo\/image\/"}}]}},"_links":{"self":[{"href":"https:\/\/moroccofamilytours.com\/es\/wp-json\/wp\/v2\/pages\/7853","targetHints":{"allow":["GET"]}}],"collection":[{"href":"https:\/\/moroccofamilytours.com\/es\/wp-json\/wp\/v2\/pages"}],"about":[{"href":"https:\/\/moroccofamilytours.com\/es\/wp-json\/wp\/v2\/types\/page"}],"author":[{"embeddable":true,"href":"https:\/\/moroccofamilytours.com\/es\/wp-json\/wp\/v2\/users\/1"}],"replies":[{"embeddable":true,"href":"https:\/\/moroccofamilytours.com\/es\/wp-json\/wp\/v2\/comments?post=7853"}],"version-history":[{"count":1,"href":"https:\/\/moroccofamilytours.com\/es\/wp-json\/wp\/v2\/pages\/7853\/revisions"}],"predecessor-version":[{"id":7855,"href":"https:\/\/moroccofamilytours.com\/es\/wp-json\/wp\/v2\/pages\/7853\/revisions\/7855"}],"up":[{"embeddable":true,"href":"https:\/\/moroccofamilytours.com\/es\/wp-json\/wp\/v2\/pages\/7856"}],"wp:featuredmedia":[{"embeddable":true,"href":"https:\/\/moroccofamilytours.com\/es\/wp-json\/wp\/v2\/media\/7854"}],"wp:attachment":[{"href":"https:\/\/moroccofamilytours.com\/es\/wp-json\/wp\/v2\/media?parent=7853"}],"curies":[{"name":"wp","href":"https:\/\/api.w.org\/{rel}","templated":true}]}}