{"id":7856,"date":"2025-03-29T01:47:22","date_gmt":"2025-03-29T01:47:22","guid":{"rendered":"https:\/\/moroccofamilytours.com\/morocco-family-tours-guide\/"},"modified":"2026-04-05T06:03:05","modified_gmt":"2026-04-05T06:03:05","slug":"morocco-family-tours-guide","status":"publish","type":"page","link":"https:\/\/moroccofamilytours.com\/es\/morocco-family-tours-guide\/","title":{"rendered":"Blog"},"content":{"rendered":"<h3 data-start=\"214\" data-end=\"281\">Descubre la Magia de Marruecos: Un viaje familiar que nunca olvidar\u00e1s<\/h3>\n<p data-start=\"283\" data-end=\"499\">Planificar unas vacaciones en familia puede ser emocionante, pero tambi\u00e9n abrumador. Si sue\u00f1as con un destino que combine aventura, cultura y relajaci\u00f3n, <strong data-start=\"433\" data-end=\"457\">los viajes <a href=\"https:\/\/moroccofamilytours.com\/\">familiares<\/a> a Marruecos<\/strong> pueden ser exactamente lo que buscas. <\/p>\n<p data-start=\"501\" data-end=\"846\">Desde las sinuosas callejuelas de las antiguas medinas hasta las dunas doradas del <a href=\"https:\/\/www.tripadvisor.com\/Attraction_Review-g293733-d33067801-Reviews-Morocco_Family_Tours-Fez_Fez_Meknes.html\">Sahara<\/a>, Marruecos ofrece experiencias inolvidables para viajeros de todas las edades. Ya sea montando en camello por el desierto, explorando los vibrantes zocos de Marrakech o aprendiendo a cocinar juntos el tradicional tagine, Marruecos es un pa\u00eds donde cada momento se convierte en un recuerdo familiar. <\/p>\n<p data-start=\"848\" data-end=\"949\">En este blog, te guiaremos a trav\u00e9s de todo lo que necesitas saber para visitar Marruecos con ni\u00f1os:<\/p>\n<ul data-start=\"950\" data-end=\"1147\">\n<li data-start=\"950\" data-end=\"987\">\n<p data-start=\"952\" data-end=\"987\">Los mejores destinos para familias<\/p>\n<\/li>\n<li data-start=\"988\" data-end=\"1038\">\n<p data-start=\"990\" data-end=\"1038\">Consejos de viaje para navegar por Marruecos como padre<\/p>\n<\/li>\n<li data-start=\"1039\" data-end=\"1096\">\n<p data-start=\"1041\" data-end=\"1096\">Actividades que mantienen ocupados tanto a ni\u00f1os como a adultos<\/p>\n<\/li>\n<li data-start=\"1097\" data-end=\"1147\">\n<p data-start=\"1099\" data-end=\"1147\">Qu\u00e9 meter en la maleta, qu\u00e9 evitar y d\u00f3nde alojarse<\/p>\n<\/li>\n<\/ul>\n<p data-start=\"1149\" data-end=\"1286\">As\u00ed que haz las maletas, re\u00fane a la familia y prep\u00e1rate para descubrir por qu\u00e9 Marruecos es uno de los mejores destinos de vacaciones familiares del mundo.<\/p>\n","protected":false},"excerpt":{"rendered":"<p>Descubre la Magia de Marruecos: Un viaje familiar que nunca olvidar\u00e1s Planificar unas vacaciones en familia puede ser emocionante, pero tambi\u00e9n abrumador. Si sue\u00f1as con un destino que combine aventura, cultura y relajaci\u00f3n, los viajes familiares a Marruecos pueden ser exactamente lo que buscas. Desde las sinuosas callejuelas de las antiguas medinas hasta las dunas [&hellip;]<\/p>\n","protected":false},"author":1,"featured_media":0,"parent":0,"menu_order":0,"comment_status":"closed","ping_status":"closed","template":"","meta":{"footnotes":""},"class_list":["post-7856","page","type-page","status-publish","hentry"],"yoast_head":"<!-- This site is optimized with the Yoast SEO plugin v27.6 - https:\/\/yoast.com\/product\/yoast-seo-wordpress\/ -->\n<title>blog<\/title>\n<meta name=\"description\" content=\"Descubre los mejores viajes familiares por Marruecos, con actividades divertidas, experiencias culturales y aventuras aptas para todas las edades en todo el reino&quot;.\" \/>\n<meta name=\"robots\" content=\"index, follow, max-snippet:-1, max-image-preview:large, max-video-preview:-1\" \/>\n<link rel=\"canonical\" href=\"https:\/\/moroccofamilytours.com\/es\/morocco-family-tours-guide\/\" \/>\n<meta property=\"og:locale\" content=\"es_ES\" \/>\n<meta property=\"og:type\" content=\"article\" \/>\n<meta property=\"og:title\" content=\"blog\" \/>\n<meta property=\"og:description\" content=\"Descubre los mejores viajes familiares por Marruecos, con actividades divertidas, experiencias culturales y aventuras aptas para todas las edades en todo el reino&quot;.\" \/>\n<meta property=\"og:url\" content=\"https:\/\/moroccofamilytours.com\/es\/morocco-family-tours-guide\/\" \/>\n<meta property=\"og:site_name\" content=\"Morocco Family Tours\" \/>\n<meta property=\"article:modified_time\" content=\"2026-04-05T06:03:05+00:00\" \/>\n<meta name=\"twitter:card\" content=\"summary_large_image\" \/>\n<meta name=\"twitter:label1\" content=\"Tiempo de lectura\" \/>\n\t<meta name=\"twitter:data1\" content=\"1 minuto\" \/>\n<script type=\"application\/ld+json\" class=\"yoast-schema-graph\">{\"@context\":\"https:\\\/\\\/schema.org\",\"@graph\":[{\"@type\":\"WebPage\",\"@id\":\"https:\\\/\\\/moroccofamilytours.com\\\/es\\\/morocco-family-tours-guide\\\/\",\"url\":\"https:\\\/\\\/moroccofamilytours.com\\\/es\\\/morocco-family-tours-guide\\\/\",\"name\":\"blog\",\"isPartOf\":{\"@id\":\"https:\\\/\\\/moroccofamilytours.com\\\/es\\\/#website\"},\"datePublished\":\"2025-03-29T01:47:22+00:00\",\"dateModified\":\"2026-04-05T06:03:05+00:00\",\"description\":\"Descubre los mejores viajes familiares por Marruecos, con actividades divertidas, experiencias culturales y aventuras aptas para todas las edades en todo el reino\\\".\",\"breadcrumb\":{\"@id\":\"https:\\\/\\\/moroccofamilytours.com\\\/es\\\/morocco-family-tours-guide\\\/#breadcrumb\"},\"inLanguage\":\"es\",\"potentialAction\":[{\"@type\":\"ReadAction\",\"target\":[\"https:\\\/\\\/moroccofamilytours.com\\\/es\\\/morocco-family-tours-guide\\\/\"]}]},{\"@type\":\"BreadcrumbList\",\"@id\":\"https:\\\/\\\/moroccofamilytours.com\\\/es\\\/morocco-family-tours-guide\\\/#breadcrumb\",\"itemListElement\":[{\"@type\":\"ListItem\",\"position\":1,\"name\":\"Home\",\"item\":\"https:\\\/\\\/moroccofamilytours.com\\\/es\\\/morocco-family-tours\\\/\"},{\"@type\":\"ListItem\",\"position\":2,\"name\":\"Blog\"}]},{\"@type\":\"WebSite\",\"@id\":\"https:\\\/\\\/moroccofamilytours.com\\\/es\\\/#website\",\"url\":\"https:\\\/\\\/moroccofamilytours.com\\\/es\\\/\",\"name\":\"Morocco Family Tours\",\"description\":\"Morocco Family Adventure Holidays\",\"publisher\":{\"@id\":\"https:\\\/\\\/moroccofamilytours.com\\\/es\\\/#organization\"},\"potentialAction\":[{\"@type\":\"SearchAction\",\"target\":{\"@type\":\"EntryPoint\",\"urlTemplate\":\"https:\\\/\\\/moroccofamilytours.com\\\/es\\\/?s={search_term_string}\"},\"query-input\":{\"@type\":\"PropertyValueSpecification\",\"valueRequired\":true,\"valueName\":\"search_term_string\"}}],\"inLanguage\":\"es\"},{\"@type\":\"Organization\",\"@id\":\"https:\\\/\\\/moroccofamilytours.com\\\/es\\\/#organization\",\"name\":\"Marruecos en Familia\",\"url\":\"https:\\\/\\\/moroccofamilytours.com\\\/es\\\/\",\"logo\":{\"@type\":\"ImageObject\",\"inLanguage\":\"es\",\"@id\":\"https:\\\/\\\/moroccofamilytours.com\\\/es\\\/#\\\/schema\\\/logo\\\/image\\\/\",\"url\":\"https:\\\/\\\/moroccofamilytours.com\\\/wp-content\\\/uploads\\\/2025\\\/11\\\/morocco-family-tours-travel-agency-logo.png\",\"contentUrl\":\"https:\\\/\\\/moroccofamilytours.com\\\/wp-content\\\/uploads\\\/2025\\\/11\\\/morocco-family-tours-travel-agency-logo.png\",\"width\":545,\"height\":522,\"caption\":\"Marruecos en Familia\"},\"image\":{\"@id\":\"https:\\\/\\\/moroccofamilytours.com\\\/es\\\/#\\\/schema\\\/logo\\\/image\\\/\"}}]}<\/script>\n<!-- \/ Yoast SEO plugin. -->","yoast_head_json":{"title":"blog","description":"Descubre los mejores viajes familiares por Marruecos, con actividades divertidas, experiencias culturales y aventuras aptas para todas las edades en todo el reino\".","robots":{"index":"index","follow":"follow","max-snippet":"max-snippet:-1","max-image-preview":"max-image-preview:large","max-video-preview":"max-video-preview:-1"},"canonical":"https:\/\/moroccofamilytours.com\/es\/morocco-family-tours-guide\/","og_locale":"es_ES","og_type":"article","og_title":"blog","og_description":"Descubre los mejores viajes familiares por Marruecos, con actividades divertidas, experiencias culturales y aventuras aptas para todas las edades en todo el reino\".","og_url":"https:\/\/moroccofamilytours.com\/es\/morocco-family-tours-guide\/","og_site_name":"Morocco Family Tours","article_modified_time":"2026-04-05T06:03:05+00:00","twitter_card":"summary_large_image","twitter_misc":{"Tiempo de lectura":"1 minuto"},"schema":{"@context":"https:\/\/schema.org","@graph":[{"@type":"WebPage","@id":"https:\/\/moroccofamilytours.com\/es\/morocco-family-tours-guide\/","url":"https:\/\/moroccofamilytours.com\/es\/morocco-family-tours-guide\/","name":"blog","isPartOf":{"@id":"https:\/\/moroccofamilytours.com\/es\/#website"},"datePublished":"2025-03-29T01:47:22+00:00","dateModified":"2026-04-05T06:03:05+00:00","description":"Descubre los mejores viajes familiares por Marruecos, con actividades divertidas, experiencias culturales y aventuras aptas para todas las edades en todo el reino\".","breadcrumb":{"@id":"https:\/\/moroccofamilytours.com\/es\/morocco-family-tours-guide\/#breadcrumb"},"inLanguage":"es","potentialAction":[{"@type":"ReadAction","target":["https:\/\/moroccofamilytours.com\/es\/morocco-family-tours-guide\/"]}]},{"@type":"BreadcrumbList","@id":"https:\/\/moroccofamilytours.com\/es\/morocco-family-tours-guide\/#breadcrumb","itemListElement":[{"@type":"ListItem","position":1,"name":"Home","item":"https:\/\/moroccofamilytours.com\/es\/morocco-family-tours\/"},{"@type":"ListItem","position":2,"name":"Blog"}]},{"@type":"WebSite","@id":"https:\/\/moroccofamilytours.com\/es\/#website","url":"https:\/\/moroccofamilytours.com\/es\/","name":"Morocco Family Tours","description":"Morocco Family Adventure Holidays","publisher":{"@id":"https:\/\/moroccofamilytours.com\/es\/#organization"},"potentialAction":[{"@type":"SearchAction","target":{"@type":"EntryPoint","urlTemplate":"https:\/\/moroccofamilytours.com\/es\/?s={search_term_string}"},"query-input":{"@type":"PropertyValueSpecification","valueRequired":true,"valueName":"search_term_string"}}],"inLanguage":"es"},{"@type":"Organization","@id":"https:\/\/moroccofamilytours.com\/es\/#organization","name":"Marruecos en Familia","url":"https:\/\/moroccofamilytours.com\/es\/","logo":{"@type":"ImageObject","inLanguage":"es","@id":"https:\/\/moroccofamilytours.com\/es\/#\/schema\/logo\/image\/","url":"https:\/\/moroccofamilytours.com\/wp-content\/uploads\/2025\/11\/morocco-family-tours-travel-agency-logo.png","contentUrl":"https:\/\/moroccofamilytours.com\/wp-content\/uploads\/2025\/11\/morocco-family-tours-travel-agency-logo.png","width":545,"height":522,"caption":"Marruecos en Familia"},"image":{"@id":"https:\/\/moroccofamilytours.com\/es\/#\/schema\/logo\/image\/"}}]}},"_links":{"self":[{"href":"https:\/\/moroccofamilytours.com\/es\/wp-json\/wp\/v2\/pages\/7856","targetHints":{"allow":["GET"]}}],"collection":[{"href":"https:\/\/moroccofamilytours.com\/es\/wp-json\/wp\/v2\/pages"}],"about":[{"href":"https:\/\/moroccofamilytours.com\/es\/wp-json\/wp\/v2\/types\/page"}],"author":[{"embeddable":true,"href":"https:\/\/moroccofamilytours.com\/es\/wp-json\/wp\/v2\/users\/1"}],"replies":[{"embeddable":true,"href":"https:\/\/moroccofamilytours.com\/es\/wp-json\/wp\/v2\/comments?post=7856"}],"version-history":[{"count":1,"href":"https:\/\/moroccofamilytours.com\/es\/wp-json\/wp\/v2\/pages\/7856\/revisions"}],"predecessor-version":[{"id":7857,"href":"https:\/\/moroccofamilytours.com\/es\/wp-json\/wp\/v2\/pages\/7856\/revisions\/7857"}],"wp:attachment":[{"href":"https:\/\/moroccofamilytours.com\/es\/wp-json\/wp\/v2\/media?parent=7856"}],"curies":[{"name":"wp","href":"https:\/\/api.w.org\/{rel}","templated":true}]}}