{"id":6902,"date":"2025-05-15T23:01:46","date_gmt":"2025-05-15T23:01:46","guid":{"rendered":"https:\/\/moroccofamilytours.com\/blog\/morocco-sahara-tours\/"},"modified":"2025-06-01T16:08:22","modified_gmt":"2025-06-01T16:08:22","slug":"morocco-sahara-tours","status":"publish","type":"page","link":"https:\/\/moroccofamilytours.com\/it\/blog\/morocco-sahara-tours\/","title":{"rendered":"Tour del Sahara in Marocco"},"content":{"rendered":"<h3 class=\"\" data-start=\"397\" data-end=\"446\">Scopri la magia di un tour del Sahara in Marocco<\/h3>\n<p class=\"\" data-start=\"448\" data-end=\"759\">Se sei alla ricerca di un&#8217;avventura che unisca bellezze naturali, ricchezza culturale ed esperienze uniche nella vita, un tour del <a href=\"https:\/\/moroccofamilytours.com\/\"><strong data-start=\"568\" data-end=\"591\">tour del Sahara in Marocco<\/strong><\/a> \u00e8 esattamente ci\u00f2 che fa per te. Il deserto del Sahara in Marocco non \u00e8 solo una destinazione: \u00e8 un viaggio in uno dei paesaggi pi\u00f9 affascinanti e suggestivi della Terra. <\/p>\n<h3 class=\"\" data-start=\"761\" data-end=\"808\">Perch\u00e9 scegliere un tour del deserto del Sahara in Marocco?<\/h3>\n<p class=\"\" data-start=\"810\" data-end=\"1018\">Dal momento in cui lascerai i vivaci souk di Marrakech o Fes, sentirai il paesaggio cambiare radicalmente. Le montagne si trasformano in valli e, prima che tu te ne accorga, sei circondato da infinite dune dorate. <\/p>\n<p class=\"\" data-start=\"1020\" data-end=\"1066\">Ecco perch\u00e9 un tour del Sahara marocchino \u00e8 un&#8217;esperienza da non perdere:<\/p>\n<h4 class=\"\" data-start=\"1068\" data-end=\"1112\">1. <strong data-start=\"1076\" data-end=\"1112\">Trekking a dorso di cammello attraverso le dune<\/strong><\/h4>\n<p class=\"\" data-start=\"1113\" data-end=\"1330\">Nessun viaggio nel deserto del Marocco \u00e8 completo senza un <strong data-start=\"1158\" data-end=\"1215\">giro in cammello sulle dune di Erg Chebbi o Erg Chigaga<\/strong>. Quando il sole tramonta, le sabbie si illuminano di sfumature arancioni e dorate: un sogno per i fotografi e un \u201cesperienza che rasserena l\u201d anima. <\/p>\n<h4 class=\"\" data-start=\"1332\" data-end=\"1382\">2. <strong data-start=\"1340\" data-end=\"1382\">Dormire sotto le stelle in un campo nel deserto<\/strong><\/h4>\n<p class=\"\" data-start=\"1383\" data-end=\"1610\">Trascorri la notte in un <strong data-start=\"1404\" data-end=\"1441\">lussuoso o tradizionale accampamento berbero<\/strong>, con tanto di musica locale, deliziose tagine e calda ospitalit\u00e0. Il silenzio del Sahara di notte, sotto una coltre di stelle, non ha eguali al mondo. <\/p>\n<h4 class=\"\" data-start=\"1612\" data-end=\"1667\">3. <strong data-start=\"1620\" data-end=\"1667\">Esplora i villaggi berberi e le antiche Kasbah<\/strong><\/h4>\n<p class=\"\" data-start=\"1668\" data-end=\"1875\">Il tuo tour del Sahara pu\u00f2 includere visite a <strong data-start=\"1707\" data-end=\"1745\">siti storici come Ait Ben Haddou<\/strong>, patrimonio dell \u201cumanit\u00e0 dell\u201d UNESCO, e soste in <strong data-start=\"1790\" data-end=\"1819\">autentici villaggi berberi<\/strong> dove potrai conoscere le tradizioni e la cultura locale.<\/p>\n<h4 class=\"\" data-start=\"1877\" data-end=\"1920\">4. <strong data-start=\"1885\" data-end=\"1920\">Avventure 4&#215;4 e Sandboarding<\/strong><\/h4>\n<p class=\"\" data-start=\"1921\" data-end=\"2100\">Per gli amanti del brivido, puoi fare un \u201cescursione nel deserto in 4&#215;4 o provare il <strong data-start=\"1977\" data-end=\"2008\">sandboarding sulle dune<\/strong>. Molti tour nel deserto del Marocco includono attivit\u00e0 adrenaliniche per chi desidera l\u201d azione. <\/p>\n<hr class=\"\" data-start=\"2102\" data-end=\"2105\">\n<h3 class=\"\" data-start=\"2107\" data-end=\"2148\">Il momento migliore per visitare il Sahara marocchino<\/h3>\n<p class=\"\" data-start=\"2150\" data-end=\"2358\">Il periodo ideale per un tour del Sahara in Marocco \u00e8 tra <strong data-start=\"2205\" data-end=\"2226\">ottobre e aprile<\/strong>, quando le temperature diurne sono piacevoli e le notti fresche. I mesi estivi possono essere estremamente caldi, soprattutto in luglio e agosto. <\/p>\n<hr class=\"\" data-start=\"2360\" data-end=\"2363\">\n<h3 class=\"\" data-start=\"2365\" data-end=\"2406\"><a href=\"https:\/\/moroccofamilytours.com\/it\/tour-category\/tour-da-marrakech\/\" target=\"_blank\" rel=\"noopener\">Tour del Sahara in Marocco<\/a> consigliati<\/h3>\n<ul data-start=\"2408\" data-end=\"2686\">\n<li class=\"\" data-start=\"2408\" data-end=\"2516\">\n<p class=\"\" data-start=\"2410\" data-end=\"2516\"><strong data-start=\"2410\" data-end=\"2451\">Tour da Marrakech a Merzouga (3-4 giorni)<\/strong> - Popolare e panoramico, include le montagne dell&#8217;Atlante e le gole del Todra.<\/p>\n<\/li>\n<li class=\"\" data-start=\"2517\" data-end=\"2606\">\n<p class=\"\" data-start=\"2519\" data-end=\"2606\"><strong data-start=\"2519\" data-end=\"2561\">Da Fes a Marrakech passando per il deserto (3-5 giorni)<\/strong> - Ideale per i viaggiatori che vogliono esplorare entrambe le citt\u00e0.<\/p>\n<\/li>\n<li class=\"\" data-start=\"2607\" data-end=\"2686\">\n<p class=\"\" data-start=\"2609\" data-end=\"2686\"><strong data-start=\"2609\" data-end=\"2640\">Tour del deserto di Zagora (2 giorni)<\/strong> - Pi\u00f9 breve, ideale per chi ha poco tempo.<\/p>\n<\/li>\n<\/ul>\n<hr class=\"\" data-start=\"2688\" data-end=\"2691\">\n<h3 class=\"\" data-start=\"2693\" data-end=\"2730\">Cosa mettere in valigia per il tuo viaggio nel deserto<\/h3>\n<ul data-start=\"2732\" data-end=\"2940\">\n<li class=\"\" data-start=\"2732\" data-end=\"2772\">\n<p class=\"\" data-start=\"2734\" data-end=\"2772\">Abbigliamento leggero e traspirante per il giorno<\/p>\n<\/li>\n<li class=\"\" data-start=\"2773\" data-end=\"2815\">\n<p class=\"\" data-start=\"2775\" data-end=\"2815\">Strati caldi per le notti fredde del deserto<\/p>\n<\/li>\n<li class=\"\" data-start=\"2816\" data-end=\"2862\">\n<p class=\"\" data-start=\"2818\" data-end=\"2862\">Occhiali da sole, crema solare, sciarpa o turbante<\/p>\n<\/li>\n<li class=\"\" data-start=\"2863\" data-end=\"2902\">\n<p class=\"\" data-start=\"2865\" data-end=\"2902\">Scarpe comode per camminare sulla sabbia<\/p>\n<\/li>\n<li class=\"\" data-start=\"2903\" data-end=\"2940\">\n<p class=\"\" data-start=\"2905\" data-end=\"2940\">Fotocamera per scatti di paesaggi mozzafiato<\/p>\n<\/li>\n<\/ul>\n<hr class=\"\" data-start=\"2942\" data-end=\"2945\">\n<h3 class=\"\" data-start=\"2947\" data-end=\"2965\">Pensieri finali<\/h3>\n<p class=\"\" data-start=\"2967\" data-end=\"3238\">Un <strong data-start=\"2969\" data-end=\"2999\">tour del deserto del Sahara in Marocco<\/strong> offre qualcosa di veramente magico: cavalcare cammelli al tramonto, entrare in contatto con antiche culture o semplicemente sperimentare la cruda bellezza del deserto. Con la giusta compagnia turistica, il tuo viaggio sar\u00e0 sicuro, confortevole e indimenticabile. <\/p>\n<p class=\"\" data-start=\"3240\" data-end=\"3341\"><strong data-start=\"3240\" data-end=\"3279\">Prenota oggi stesso il tuo tour del Sahara marocchino<\/strong> e preparati a vivere un&#8217;avventura che ti accompagner\u00e0 per sempre.<\/p>\n","protected":false},"excerpt":{"rendered":"<p>Scopri la magia di un tour del Sahara in Marocco Se sei alla ricerca di un&#8217;avventura che unisca bellezze naturali, ricchezza culturale ed esperienze uniche nella vita, un tour del tour del Sahara in Marocco \u00e8 esattamente ci\u00f2 che fa per te. Il deserto del Sahara in Marocco non \u00e8 solo una destinazione: \u00e8 un [&hellip;]<\/p>\n","protected":false},"author":1,"featured_media":6859,"parent":6886,"menu_order":0,"comment_status":"closed","ping_status":"closed","template":"","meta":{"footnotes":""},"class_list":["post-6902","page","type-page","status-publish","has-post-thumbnail","hentry"],"yoast_head":"<!-- This site is optimized with the Yoast SEO plugin v27.4 - https:\/\/yoast.com\/product\/yoast-seo-wordpress\/ -->\n<title>Tour del Sahara in Marocco - Morocco Family Tours<\/title>\n<meta name=\"robots\" content=\"index, follow, max-snippet:-1, max-image-preview:large, max-video-preview:-1\" \/>\n<link rel=\"canonical\" href=\"https:\/\/moroccofamilytours.com\/it\/blog\/morocco-sahara-tours\/\" \/>\n<meta property=\"og:locale\" content=\"it_IT\" \/>\n<meta property=\"og:type\" content=\"article\" \/>\n<meta property=\"og:title\" content=\"Tour del Sahara in Marocco - Morocco Family Tours\" \/>\n<meta property=\"og:description\" content=\"Scopri la magia di un tour del Sahara in Marocco Se sei alla ricerca di un&#8217;avventura che unisca bellezze naturali, ricchezza culturale ed esperienze uniche nella vita, un tour del tour del Sahara in Marocco \u00e8 esattamente ci\u00f2 che fa per te. Il deserto del Sahara in Marocco non \u00e8 solo una destinazione: \u00e8 un [&hellip;]\" \/>\n<meta property=\"og:url\" content=\"https:\/\/moroccofamilytours.com\/it\/blog\/morocco-sahara-tours\/\" \/>\n<meta property=\"og:site_name\" content=\"Morocco Family Tours\" \/>\n<meta property=\"article:modified_time\" content=\"2025-06-01T16:08:22+00:00\" \/>\n<meta property=\"og:image\" content=\"https:\/\/moroccofamilytours.com\/wp-content\/uploads\/2025\/03\/fes-3-scaled.jpg\" \/>\n\t<meta property=\"og:image:width\" content=\"2560\" \/>\n\t<meta property=\"og:image:height\" content=\"1707\" \/>\n\t<meta property=\"og:image:type\" content=\"image\/jpeg\" \/>\n<meta name=\"twitter:card\" content=\"summary_large_image\" \/>\n<meta name=\"twitter:label1\" content=\"Tempo di lettura stimato\" \/>\n\t<meta name=\"twitter:data1\" content=\"3 minuti\" \/>\n<script type=\"application\/ld+json\" class=\"yoast-schema-graph\">{\"@context\":\"https:\\\/\\\/schema.org\",\"@graph\":[{\"@type\":\"WebPage\",\"@id\":\"https:\\\/\\\/moroccofamilytours.com\\\/it\\\/blog\\\/morocco-sahara-tours\\\/\",\"url\":\"https:\\\/\\\/moroccofamilytours.com\\\/it\\\/blog\\\/morocco-sahara-tours\\\/\",\"name\":\"Tour del Sahara in Marocco - Morocco Family Tours\",\"isPartOf\":{\"@id\":\"https:\\\/\\\/moroccofamilytours.com\\\/it\\\/#website\"},\"primaryImageOfPage\":{\"@id\":\"https:\\\/\\\/moroccofamilytours.com\\\/it\\\/blog\\\/morocco-sahara-tours\\\/#primaryimage\"},\"image\":{\"@id\":\"https:\\\/\\\/moroccofamilytours.com\\\/it\\\/blog\\\/morocco-sahara-tours\\\/#primaryimage\"},\"thumbnailUrl\":\"https:\\\/\\\/moroccofamilytours.com\\\/wp-content\\\/uploads\\\/2025\\\/03\\\/fes-3-scaled.jpg\",\"datePublished\":\"2025-05-15T23:01:46+00:00\",\"dateModified\":\"2025-06-01T16:08:22+00:00\",\"breadcrumb\":{\"@id\":\"https:\\\/\\\/moroccofamilytours.com\\\/it\\\/blog\\\/morocco-sahara-tours\\\/#breadcrumb\"},\"inLanguage\":\"it-IT\",\"potentialAction\":[{\"@type\":\"ReadAction\",\"target\":[\"https:\\\/\\\/moroccofamilytours.com\\\/it\\\/blog\\\/morocco-sahara-tours\\\/\"]}]},{\"@type\":\"ImageObject\",\"inLanguage\":\"it-IT\",\"@id\":\"https:\\\/\\\/moroccofamilytours.com\\\/it\\\/blog\\\/morocco-sahara-tours\\\/#primaryimage\",\"url\":\"https:\\\/\\\/moroccofamilytours.com\\\/wp-content\\\/uploads\\\/2025\\\/03\\\/fes-3-scaled.jpg\",\"contentUrl\":\"https:\\\/\\\/moroccofamilytours.com\\\/wp-content\\\/uploads\\\/2025\\\/03\\\/fes-3-scaled.jpg\",\"width\":2560,\"height\":1707,\"caption\":\"Donna con un fantastico abito da sposa in seta con una fantastica vista sulle dune di sabbia del deserto del Sahara alla luce del tramonto. Paesaggio del Marocco, Africa.\"},{\"@type\":\"BreadcrumbList\",\"@id\":\"https:\\\/\\\/moroccofamilytours.com\\\/it\\\/blog\\\/morocco-sahara-tours\\\/#breadcrumb\",\"itemListElement\":[{\"@type\":\"ListItem\",\"position\":1,\"name\":\"Home\",\"item\":\"https:\\\/\\\/moroccofamilytours.com\\\/it\\\/morocco-family-tours\\\/\"},{\"@type\":\"ListItem\",\"position\":2,\"name\":\"Blog\",\"item\":\"https:\\\/\\\/moroccofamilytours.com\\\/it\\\/blog\\\/\"},{\"@type\":\"ListItem\",\"position\":3,\"name\":\"Tour del Sahara in Marocco\"}]},{\"@type\":\"WebSite\",\"@id\":\"https:\\\/\\\/moroccofamilytours.com\\\/it\\\/#website\",\"url\":\"https:\\\/\\\/moroccofamilytours.com\\\/it\\\/\",\"name\":\"Morocco Family Tours\",\"description\":\"Morocco Family Adventure Holidays\",\"publisher\":{\"@id\":\"https:\\\/\\\/moroccofamilytours.com\\\/it\\\/#organization\"},\"potentialAction\":[{\"@type\":\"SearchAction\",\"target\":{\"@type\":\"EntryPoint\",\"urlTemplate\":\"https:\\\/\\\/moroccofamilytours.com\\\/it\\\/?s={search_term_string}\"},\"query-input\":{\"@type\":\"PropertyValueSpecification\",\"valueRequired\":true,\"valueName\":\"search_term_string\"}}],\"inLanguage\":\"it-IT\"},{\"@type\":\"Organization\",\"@id\":\"https:\\\/\\\/moroccofamilytours.com\\\/it\\\/#organization\",\"name\":\"Tour del Marocco per famiglie\",\"url\":\"https:\\\/\\\/moroccofamilytours.com\\\/it\\\/\",\"logo\":{\"@type\":\"ImageObject\",\"inLanguage\":\"it-IT\",\"@id\":\"https:\\\/\\\/moroccofamilytours.com\\\/it\\\/#\\\/schema\\\/logo\\\/image\\\/\",\"url\":\"https:\\\/\\\/moroccofamilytours.com\\\/wp-content\\\/uploads\\\/2025\\\/11\\\/morocco-family-tours-travel-agency-logo.png\",\"contentUrl\":\"https:\\\/\\\/moroccofamilytours.com\\\/wp-content\\\/uploads\\\/2025\\\/11\\\/morocco-family-tours-travel-agency-logo.png\",\"width\":545,\"height\":522,\"caption\":\"Tour del Marocco per famiglie\"},\"image\":{\"@id\":\"https:\\\/\\\/moroccofamilytours.com\\\/it\\\/#\\\/schema\\\/logo\\\/image\\\/\"}}]}<\/script>\n<!-- \/ Yoast SEO plugin. -->","yoast_head_json":{"title":"Tour del Sahara in Marocco - Morocco Family Tours","robots":{"index":"index","follow":"follow","max-snippet":"max-snippet:-1","max-image-preview":"max-image-preview:large","max-video-preview":"max-video-preview:-1"},"canonical":"https:\/\/moroccofamilytours.com\/it\/blog\/morocco-sahara-tours\/","og_locale":"it_IT","og_type":"article","og_title":"Tour del Sahara in Marocco - Morocco Family Tours","og_description":"Scopri la magia di un tour del Sahara in Marocco Se sei alla ricerca di un&#8217;avventura che unisca bellezze naturali, ricchezza culturale ed esperienze uniche nella vita, un tour del tour del Sahara in Marocco \u00e8 esattamente ci\u00f2 che fa per te. Il deserto del Sahara in Marocco non \u00e8 solo una destinazione: \u00e8 un [&hellip;]","og_url":"https:\/\/moroccofamilytours.com\/it\/blog\/morocco-sahara-tours\/","og_site_name":"Morocco Family Tours","article_modified_time":"2025-06-01T16:08:22+00:00","og_image":[{"width":2560,"height":1707,"url":"https:\/\/moroccofamilytours.com\/wp-content\/uploads\/2025\/03\/fes-3-scaled.jpg","type":"image\/jpeg"}],"twitter_card":"summary_large_image","twitter_misc":{"Tempo di lettura stimato":"3 minuti"},"schema":{"@context":"https:\/\/schema.org","@graph":[{"@type":"WebPage","@id":"https:\/\/moroccofamilytours.com\/it\/blog\/morocco-sahara-tours\/","url":"https:\/\/moroccofamilytours.com\/it\/blog\/morocco-sahara-tours\/","name":"Tour del Sahara in Marocco - Morocco Family Tours","isPartOf":{"@id":"https:\/\/moroccofamilytours.com\/it\/#website"},"primaryImageOfPage":{"@id":"https:\/\/moroccofamilytours.com\/it\/blog\/morocco-sahara-tours\/#primaryimage"},"image":{"@id":"https:\/\/moroccofamilytours.com\/it\/blog\/morocco-sahara-tours\/#primaryimage"},"thumbnailUrl":"https:\/\/moroccofamilytours.com\/wp-content\/uploads\/2025\/03\/fes-3-scaled.jpg","datePublished":"2025-05-15T23:01:46+00:00","dateModified":"2025-06-01T16:08:22+00:00","breadcrumb":{"@id":"https:\/\/moroccofamilytours.com\/it\/blog\/morocco-sahara-tours\/#breadcrumb"},"inLanguage":"it-IT","potentialAction":[{"@type":"ReadAction","target":["https:\/\/moroccofamilytours.com\/it\/blog\/morocco-sahara-tours\/"]}]},{"@type":"ImageObject","inLanguage":"it-IT","@id":"https:\/\/moroccofamilytours.com\/it\/blog\/morocco-sahara-tours\/#primaryimage","url":"https:\/\/moroccofamilytours.com\/wp-content\/uploads\/2025\/03\/fes-3-scaled.jpg","contentUrl":"https:\/\/moroccofamilytours.com\/wp-content\/uploads\/2025\/03\/fes-3-scaled.jpg","width":2560,"height":1707,"caption":"Donna con un fantastico abito da sposa in seta con una fantastica vista sulle dune di sabbia del deserto del Sahara alla luce del tramonto. Paesaggio del Marocco, Africa."},{"@type":"BreadcrumbList","@id":"https:\/\/moroccofamilytours.com\/it\/blog\/morocco-sahara-tours\/#breadcrumb","itemListElement":[{"@type":"ListItem","position":1,"name":"Home","item":"https:\/\/moroccofamilytours.com\/it\/morocco-family-tours\/"},{"@type":"ListItem","position":2,"name":"Blog","item":"https:\/\/moroccofamilytours.com\/it\/blog\/"},{"@type":"ListItem","position":3,"name":"Tour del Sahara in Marocco"}]},{"@type":"WebSite","@id":"https:\/\/moroccofamilytours.com\/it\/#website","url":"https:\/\/moroccofamilytours.com\/it\/","name":"Morocco Family Tours","description":"Morocco Family Adventure Holidays","publisher":{"@id":"https:\/\/moroccofamilytours.com\/it\/#organization"},"potentialAction":[{"@type":"SearchAction","target":{"@type":"EntryPoint","urlTemplate":"https:\/\/moroccofamilytours.com\/it\/?s={search_term_string}"},"query-input":{"@type":"PropertyValueSpecification","valueRequired":true,"valueName":"search_term_string"}}],"inLanguage":"it-IT"},{"@type":"Organization","@id":"https:\/\/moroccofamilytours.com\/it\/#organization","name":"Tour del Marocco per famiglie","url":"https:\/\/moroccofamilytours.com\/it\/","logo":{"@type":"ImageObject","inLanguage":"it-IT","@id":"https:\/\/moroccofamilytours.com\/it\/#\/schema\/logo\/image\/","url":"https:\/\/moroccofamilytours.com\/wp-content\/uploads\/2025\/11\/morocco-family-tours-travel-agency-logo.png","contentUrl":"https:\/\/moroccofamilytours.com\/wp-content\/uploads\/2025\/11\/morocco-family-tours-travel-agency-logo.png","width":545,"height":522,"caption":"Tour del Marocco per famiglie"},"image":{"@id":"https:\/\/moroccofamilytours.com\/it\/#\/schema\/logo\/image\/"}}]}},"_links":{"self":[{"href":"https:\/\/moroccofamilytours.com\/it\/wp-json\/wp\/v2\/pages\/6902","targetHints":{"allow":["GET"]}}],"collection":[{"href":"https:\/\/moroccofamilytours.com\/it\/wp-json\/wp\/v2\/pages"}],"about":[{"href":"https:\/\/moroccofamilytours.com\/it\/wp-json\/wp\/v2\/types\/page"}],"author":[{"embeddable":true,"href":"https:\/\/moroccofamilytours.com\/it\/wp-json\/wp\/v2\/users\/1"}],"replies":[{"embeddable":true,"href":"https:\/\/moroccofamilytours.com\/it\/wp-json\/wp\/v2\/comments?post=6902"}],"version-history":[{"count":0,"href":"https:\/\/moroccofamilytours.com\/it\/wp-json\/wp\/v2\/pages\/6902\/revisions"}],"up":[{"embeddable":true,"href":"https:\/\/moroccofamilytours.com\/it\/wp-json\/wp\/v2\/pages\/6886"}],"wp:featuredmedia":[{"embeddable":true,"href":"https:\/\/moroccofamilytours.com\/it\/wp-json\/wp\/v2\/media\/6859"}],"wp:attachment":[{"href":"https:\/\/moroccofamilytours.com\/it\/wp-json\/wp\/v2\/media?parent=6902"}],"curies":[{"name":"wp","href":"https:\/\/api.w.org\/{rel}","templated":true}]}}